{"id":145,"date":"2019-02-11T15:28:36","date_gmt":"2019-02-11T14:28:36","guid":{"rendered":"https:\/\/www.a2nm-hosting01.be\/assensio\/\/?page_id=145"},"modified":"2020-06-10T14:14:25","modified_gmt":"2020-06-10T12:14:25","slug":"valeurs","status":"publish","type":"page","link":"https:\/\/www.a2nm-hosting01.be\/assensio\/valeurs\/","title":{"rendered":"Valeurs"},"content":{"rendered":"<p>[et_pb_section fb_built=\u00a0\u00bb1&Prime; _builder_version=\u00a0\u00bb3.19.6&Prime; custom_padding=\u00a0\u00bb40px|0px|54px|0px|false|false\u00a0\u00bb][et_pb_row custom_padding=\u00a0\u00bb27px|0px|0|0px|false|false\u00a0\u00bb _builder_version=\u00a0\u00bb3.19.6&Prime;][et_pb_column type=\u00a0\u00bb4_4&Prime; _builder_version=\u00a0\u00bb3.19.6&Prime; parallax=\u00a0\u00bboff\u00a0\u00bb parallax_method=\u00a0\u00bbon\u00a0\u00bb][et_pb_text _builder_version=\u00a0\u00bb3.19.6&Prime;]<\/p>\n<p style=\"text-align: center;\"><span style=\"font-size: xx-large;\">Valeurs<\/span><\/p>\n<p>[\/et_pb_text][\/et_pb_column][\/et_pb_row][et_pb_row custom_padding=\u00a0\u00bb27px|0px|40px|0px|false|false\u00a0\u00bb _builder_version=\u00a0\u00bb3.19.6&Prime;][et_pb_column type=\u00a0\u00bb4_4&Prime; _builder_version=\u00a0\u00bb3.19.6&Prime; parallax=\u00a0\u00bboff\u00a0\u00bb parallax_method=\u00a0\u00bbon\u00a0\u00bb][et_pb_text _builder_version=\u00a0\u00bb3.19.6&Prime;]<\/p>\n<p style=\"text-align: center;\"><img loading=\"lazy\" decoding=\"async\" src=\"https:\/\/www.a2nm-hosting01.be\/assensio\/\/wp-content\/uploads\/2019\/04\/barre.png\" width=\"28\" height=\"66\" alt=\"\" class=\"wp-image-599 alignnone size-full\" \/><span style=\"font-size: x-large;\">Donner du sens \u00e0 nos actions<\/span><\/p>\n<p>[\/et_pb_text][\/et_pb_column][\/et_pb_row][et_pb_row use_custom_width=\u00a0\u00bbon\u00a0\u00bb custom_width_px=\u00a0\u00bb1600px\u00a0\u00bb custom_padding=\u00a0\u00bb2px|0px|41px|0px|false|false\u00a0\u00bb _builder_version=\u00a0\u00bb3.19.6&Prime;][et_pb_column type=\u00a0\u00bb1_3&Prime; _builder_version=\u00a0\u00bb3.19.6&Prime; parallax=\u00a0\u00bboff\u00a0\u00bb parallax_method=\u00a0\u00bbon\u00a0\u00bb][et_pb_text _builder_version=\u00a0\u00bb3.19.6&Prime; text_font=\u00a0\u00bb||||||||\u00a0\u00bb custom_margin=\u00a0\u00bb34px||\u00a0\u00bb]<\/p>\n<p><img loading=\"lazy\" decoding=\"async\" src=\"https:\/\/www.a2nm-hosting01.be\/assensio\/\/wp-content\/uploads\/2019\/04\/barre.png\" width=\"28\" height=\"66\" alt=\"\" class=\"wp-image-599 alignnone size-full\" style=\"background-color: #ffffff; font-size: 18px; font-weight: bold;\" \/><span style=\"font-size: large;\"><b>Traiter <\/b><b>toutes les demandes avec \u00e9quit\u00e9<\/b><\/span><\/p>\n<p>Ne refuser aucune mission a priori (petite ASBL, groupe d\u2019amis, g\u00e9ant industriel\u2026 peu importe)<\/p>\n<p><span style=\"font-size: large;\"><b>Veiller \u00e0 notre responsabilit\u00e9 soci\u00e9tale <\/b><\/span><\/p>\n<p>Prendre en compte les enjeux environnementaux, sociaux et \u00e9thiques dans nos activit\u00e9s<\/p>\n<p>Valoriser patrimoines, savoir-faire et expertises<\/p>\n<p>Poser des gestes citoyens d\u00e8s que l\u2019occasion s\u2019en pr\u00e9sente<\/p>\n<p>[\/et_pb_text][\/et_pb_column][et_pb_column type=\u00a0\u00bb1_3&Prime; _builder_version=\u00a0\u00bb3.19.6&Prime; parallax=\u00a0\u00bboff\u00a0\u00bb parallax_method=\u00a0\u00bbon\u00a0\u00bb][et_pb_image src=\u00a0\u00bbhttps:\/\/www.a2nm-hosting01.be\/assensio\/\/wp-content\/uploads\/2019\/04\/valeur.png\u00a0\u00bb align=\u00a0\u00bbcenter\u00a0\u00bb _builder_version=\u00a0\u00bb3.19.6&Prime;][\/et_pb_image][et_pb_image src=\u00a0\u00bbhttps:\/\/www.a2nm-hosting01.be\/assensio\/\/wp-content\/uploads\/2019\/04\/valeur2.png\u00a0\u00bb _builder_version=\u00a0\u00bb3.19.6&Prime; max_width=\u00a0\u00bb61%\u00a0\u00bb max_width_phone=\u00a0\u00bb92%\u00a0\u00bb max_width_last_edited=\u00a0\u00bbon|phone\u00a0\u00bb module_alignment=\u00a0\u00bbcenter\u00a0\u00bb][\/et_pb_image][et_pb_image src=\u00a0\u00bbhttps:\/\/www.a2nm-hosting01.be\/assensio\/\/wp-content\/uploads\/2019\/04\/valeur3.png\u00a0\u00bb align=\u00a0\u00bbcenter\u00a0\u00bb _builder_version=\u00a0\u00bb3.19.6&Prime;][\/et_pb_image][et_pb_image src=\u00a0\u00bbhttps:\/\/www.a2nm-hosting01.be\/assensio\/\/wp-content\/uploads\/2019\/04\/valeur4.png\u00a0\u00bb align=\u00a0\u00bbcenter\u00a0\u00bb _builder_version=\u00a0\u00bb3.19.6&Prime;][\/et_pb_image][\/et_pb_column][et_pb_column type=\u00a0\u00bb1_3&Prime; _builder_version=\u00a0\u00bb3.19.6&Prime; parallax=\u00a0\u00bboff\u00a0\u00bb parallax_method=\u00a0\u00bbon\u00a0\u00bb][et_pb_text _builder_version=\u00a0\u00bb3.19.6&Prime; text_font=\u00a0\u00bb||||||||\u00a0\u00bb custom_margin=\u00a0\u00bb427px||\u00a0\u00bb custom_margin_phone=\u00a0\u00bb27px||\u00a0\u00bb custom_margin_last_edited=\u00a0\u00bbon|phone\u00a0\u00bb]<\/p>\n<p><img loading=\"lazy\" decoding=\"async\" src=\"https:\/\/www.a2nm-hosting01.be\/assensio\/\/wp-content\/uploads\/2019\/04\/barre.png\" width=\"28\" height=\"66\" alt=\"\" class=\"wp-image-599 alignnone size-full\" style=\"background-color: #ffffff; font-size: 18px; font-weight: bold;\" \/><span style=\"font-size: large;\"><b>Pr\u00e9server notre ind\u00e9pendance<\/b><\/span><\/p>\n<p>Choisir les prestataires pour leurs qualit\u00e9 et fiabilit\u00e9. Pas de commission \u00ab\u00a0occulte\u00a0\u00bb, ni de surfacturation<\/p>\n<p>N\u00e9gocier les prix \u00e0 l\u2019avantage du client mais en respectant le travail de chacun<\/p>\n<p><span style=\"font-size: large;\"><b>Faire preuve d\u2019honn\u00eatet\u00e9<\/b><\/span><\/p>\n<p>Appliquer le juste prix \u00e0 nos prestations<\/p>\n<p>Mobiliser les ressources en fonction des besoins du projet \u00e0 mener, gr\u00e2ce \u00e0 une structure flexible sans frais fixes inutiles<\/p>\n<p>Facturer nos services en toute transparence<\/p>\n<p>[\/et_pb_text][\/et_pb_column][\/et_pb_row][\/et_pb_section][et_pb_section fb_built=\u00a0\u00bb1&Prime; _builder_version=\u00a0\u00bb3.19.6&Prime; background_color=\u00a0\u00bb#dddddd\u00a0\u00bb saved_tabs=\u00a0\u00bball\u00a0\u00bb global_module=\u00a0\u00bb914&Prime;][et_pb_row custom_padding=\u00a0\u00bb0|0px|0|0px|false|false\u00a0\u00bb _builder_version=\u00a0\u00bb3.19.6&Prime;][et_pb_column type=\u00a0\u00bb1_3&Prime; _builder_version=\u00a0\u00bb3.19.6&Prime; parallax=\u00a0\u00bboff\u00a0\u00bb parallax_method=\u00a0\u00bbon\u00a0\u00bb][et_pb_text _builder_version=\u00a0\u00bb3.19.6&Prime;]<\/p>\n<h2>Coordonn\u00e9es<\/h2>\n<p>Assensio SPRL<br \/> Cr\u00e9ation d&rsquo;\u00e9v\u00e8nements sur mesure<\/p>\n<p>Chemin de la Froide Fontaine, 2<br \/> 7060 Horrues, Belgique<br \/> <a href=\"tel:+32%20475 501 332\">+32 475 501 332<\/a><\/p>\n<p><a href=\"https:\/\/www.a2nm-hosting01.be\/assensio\/\/\">https:\/\/www.a2nm-hosting01.be\/assensio\/\/<\/a><br \/> <a href=\"mailto:info@a2nm-hosting01.be\/assensio\/\">info@a2nm-hosting01.be\/assensio\/<\/a><\/p>\n<p>[\/et_pb_text][\/et_pb_column][et_pb_column type=\u00a0\u00bb1_3&Prime; _builder_version=\u00a0\u00bb3.19.6&Prime; parallax=\u00a0\u00bboff\u00a0\u00bb parallax_method=\u00a0\u00bbon\u00a0\u00bb][et_pb_text _builder_version=\u00a0\u00bb3.19.6&Prime; custom_margin=\u00a0\u00bb|10px||10px\u00a0\u00bb]<\/p>\n<h2>Liens<\/h2>\n<p><a href=\"https:\/\/www.a2nm-hosting01.be\/assensio\/\/wp-content\/uploads\/2020\/06\/MENTIONS-LEGALES-release-11052020.docx\">Mentions l\u00e9gales<\/a><br \/><a href=\"https:\/\/www.a2nm-hosting01.be\/assensio\/\/wp-content\/uploads\/2020\/06\/POLITIQUE-DE-TRAITEMENT-ET-DE-PROTECTION-DES-DONNEES-A-CARACTERE-PERSONNEL-release-11052020.docx\">Donn\u00e9es personnelles<\/a><br \/><a href=\"https:\/\/www.a2nm-hosting01.be\/assensio\/\/wp-content\/uploads\/2020\/06\/CONDITIONS-GENERALES-DE-VENTE-release-01052015.docx\">Conditions g\u00e9n\u00e9rales de vente<\/a><\/p>\n<p>[\/et_pb_text][\/et_pb_column][et_pb_column type=\u00a0\u00bb1_3&Prime; _builder_version=\u00a0\u00bb3.19.6&Prime; parallax=\u00a0\u00bboff\u00a0\u00bb parallax_method=\u00a0\u00bbon\u00a0\u00bb][et_pb_image src=\u00a0\u00bbhttps:\/\/www.a2nm-hosting01.be\/assensio\/\/wp-content\/uploads\/2019\/04\/logo.png\u00a0\u00bb _builder_version=\u00a0\u00bb3.19.6&Prime;][\/et_pb_image][\/et_pb_column][\/et_pb_row][\/et_pb_section]<\/p>\n","protected":false},"excerpt":{"rendered":"<p>ValeursDonner du sens \u00e0 nos actionsTraiter toutes les demandes avec \u00e9quit\u00e9 Ne refuser aucune mission a priori (petite ASBL, groupe d\u2019amis, g\u00e9ant industriel\u2026 peu importe) Veiller \u00e0 notre responsabilit\u00e9 soci\u00e9tale Prendre en compte les enjeux environnementaux, sociaux et \u00e9thiques dans nos activit\u00e9s Valoriser patrimoines, savoir-faire et expertises Poser des gestes citoyens d\u00e8s que l\u2019occasion s\u2019en [&hellip;]<\/p>\n","protected":false},"author":1,"featured_media":0,"parent":0,"menu_order":0,"comment_status":"closed","ping_status":"closed","template":"","meta":{"_et_pb_use_builder":"on","_et_pb_old_content":"","_et_gb_content_width":"","footnotes":""},"class_list":["post-145","page","type-page","status-publish","hentry"],"_links":{"self":[{"href":"https:\/\/www.a2nm-hosting01.be\/assensio\/wp-json\/wp\/v2\/pages\/145","targetHints":{"allow":["GET"]}}],"collection":[{"href":"https:\/\/www.a2nm-hosting01.be\/assensio\/wp-json\/wp\/v2\/pages"}],"about":[{"href":"https:\/\/www.a2nm-hosting01.be\/assensio\/wp-json\/wp\/v2\/types\/page"}],"author":[{"embeddable":true,"href":"https:\/\/www.a2nm-hosting01.be\/assensio\/wp-json\/wp\/v2\/users\/1"}],"replies":[{"embeddable":true,"href":"https:\/\/www.a2nm-hosting01.be\/assensio\/wp-json\/wp\/v2\/comments?post=145"}],"version-history":[{"count":56,"href":"https:\/\/www.a2nm-hosting01.be\/assensio\/wp-json\/wp\/v2\/pages\/145\/revisions"}],"predecessor-version":[{"id":934,"href":"https:\/\/www.a2nm-hosting01.be\/assensio\/wp-json\/wp\/v2\/pages\/145\/revisions\/934"}],"wp:attachment":[{"href":"https:\/\/www.a2nm-hosting01.be\/assensio\/wp-json\/wp\/v2\/media?parent=145"}],"curies":[{"name":"wp","href":"https:\/\/api.w.org\/{rel}","templated":true}]}}