{"id":621,"date":"2019-04-29T11:21:53","date_gmt":"2019-04-29T09:21:53","guid":{"rendered":"https:\/\/www.a2nm-hosting01.be\/assensio\/\/?page_id=621"},"modified":"2020-06-10T14:12:16","modified_gmt":"2020-06-10T12:12:16","slug":"clients","status":"publish","type":"page","link":"https:\/\/www.a2nm-hosting01.be\/assensio\/clients\/","title":{"rendered":"Clients"},"content":{"rendered":"<p>[et_pb_section fb_built=\u00a0\u00bb1&Prime; _builder_version=\u00a0\u00bb3.19.6&Prime; custom_padding=\u00a0\u00bb40px|0px|34px|0px|false|false\u00a0\u00bb][et_pb_row custom_padding=\u00a0\u00bb27px|0px|0|0px|false|false\u00a0\u00bb _builder_version=\u00a0\u00bb3.19.6&Prime;][et_pb_column type=\u00a0\u00bb4_4&Prime; _builder_version=\u00a0\u00bb3.19.6&Prime; parallax=\u00a0\u00bboff\u00a0\u00bb parallax_method=\u00a0\u00bbon\u00a0\u00bb][et_pb_text _builder_version=\u00a0\u00bb3.19.6&Prime;]<\/p>\n<p style=\"text-align: center;\"><span style=\"font-size: xx-large;\">Clients<\/span><\/p>\n<p>[\/et_pb_text][\/et_pb_column][\/et_pb_row][et_pb_row use_custom_width=\u00a0\u00bbon\u00a0\u00bb custom_width_px=\u00a0\u00bb1600px\u00a0\u00bb custom_padding=\u00a0\u00bb27px|0|0|0px|false|false\u00a0\u00bb _builder_version=\u00a0\u00bb3.19.6&Prime;][et_pb_column type=\u00a0\u00bb1_3&Prime; _builder_version=\u00a0\u00bb3.19.6&Prime; parallax=\u00a0\u00bboff\u00a0\u00bb parallax_method=\u00a0\u00bbon\u00a0\u00bb][et_pb_image src=\u00a0\u00bbhttps:\/\/www.a2nm-hosting01.be\/assensio\/\/wp-content\/uploads\/2019\/04\/Image1.png\u00a0\u00bb force_fullwidth=\u00a0\u00bbon\u00a0\u00bb _builder_version=\u00a0\u00bb3.19.6&Prime;][\/et_pb_image][et_pb_text _builder_version=\u00a0\u00bb3.19.6&Prime; text_font=\u00a0\u00bb||||||||\u00a0\u00bb text_font_size=\u00a0\u00bb18px\u00a0\u00bb header_font=\u00a0\u00bb||||||||\u00a0\u00bb]<\/p>\n<p style=\"text-align: center;\"><b><img loading=\"lazy\" decoding=\"async\" src=\"https:\/\/www.a2nm-hosting01.be\/assensio\/\/wp-content\/uploads\/2019\/04\/barre.png\" width=\"18\" height=\"42\" alt=\"\" class=\"wp-image-599 alignnone size-full\" \/>Entreprises, associations \u00e0 vocation culturelle, artistique, sociale\u2026<\/b><\/p>\n<p>[\/et_pb_text][et_pb_text _builder_version=\u00a0\u00bb3.19.6&Prime; text_font=\u00a0\u00bb||||||||\u00a0\u00bb]<\/p>\n<p style=\"text-align: center;\">\u00ab Event Concept\u00a0\u00bb<br \/>Promotion de produits &amp; services<br \/>Valorisation de patrimoines &amp; savoir-faire<br \/>Mise au vert<br \/>D\u00e9veloppement de l\u2019esprit d\u2019\u00e9quipe,<br \/>Ev\u00e9nements marquants<br \/><span style=\"font-size: 14px;\">Campagne de communication\u2026<\/span><\/p>\n<p>[\/et_pb_text][\/et_pb_column][et_pb_column type=\u00a0\u00bb1_3&Prime; _builder_version=\u00a0\u00bb3.19.6&Prime; parallax=\u00a0\u00bboff\u00a0\u00bb parallax_method=\u00a0\u00bbon\u00a0\u00bb][et_pb_image src=\u00a0\u00bbhttps:\/\/www.a2nm-hosting01.be\/assensio\/\/wp-content\/uploads\/2019\/04\/Image2.png\u00a0\u00bb force_fullwidth=\u00a0\u00bbon\u00a0\u00bb _builder_version=\u00a0\u00bb3.19.6&Prime;][\/et_pb_image][et_pb_text _builder_version=\u00a0\u00bb3.19.6&Prime; text_font=\u00a0\u00bb||||||||\u00a0\u00bb text_font_size=\u00a0\u00bb18px\u00a0\u00bb header_font=\u00a0\u00bb||||||||\u00a0\u00bb]<\/p>\n<p style=\"text-align: center;\"><b><img loading=\"lazy\" decoding=\"async\" src=\"https:\/\/www.a2nm-hosting01.be\/assensio\/\/wp-content\/uploads\/2019\/04\/barre.png\" width=\"18\" height=\"42\" alt=\"\" class=\"wp-image-599 alignnone size-full\" \/>Particuliers, <\/b><b>clubs<\/b><b>, <\/b><b>groupements<\/b><b>\u2026<\/b><\/p>\n<p style=\"text-align: center;\"><b><\/b><\/p>\n<p>[\/et_pb_text][et_pb_text _builder_version=\u00a0\u00bb3.19.6&Prime; text_font=\u00a0\u00bb||||||||\u00a0\u00bb]<\/p>\n<p style=\"text-align: center;\">R\u00e9ceptions priv\u00e9es<br \/>Escapades entre amis<br \/>Retrouvailles<br \/> &#8230;<\/p>\n<p>[\/et_pb_text][\/et_pb_column][et_pb_column type=\u00a0\u00bb1_3&Prime; _builder_version=\u00a0\u00bb3.19.6&Prime; parallax=\u00a0\u00bboff\u00a0\u00bb parallax_method=\u00a0\u00bbon\u00a0\u00bb][et_pb_image src=\u00a0\u00bbhttps:\/\/www.a2nm-hosting01.be\/assensio\/\/wp-content\/uploads\/2019\/04\/Image3.png\u00a0\u00bb force_fullwidth=\u00a0\u00bbon\u00a0\u00bb _builder_version=\u00a0\u00bb3.19.6&Prime;][\/et_pb_image][et_pb_text _builder_version=\u00a0\u00bb3.19.6&Prime; text_font=\u00a0\u00bb||||||||\u00a0\u00bb text_font_size=\u00a0\u00bb18px\u00a0\u00bb header_font=\u00a0\u00bb||||||||\u00a0\u00bb]<\/p>\n<p style=\"text-align: center;\"><b><img loading=\"lazy\" decoding=\"async\" src=\"https:\/\/www.a2nm-hosting01.be\/assensio\/\/wp-content\/uploads\/2019\/04\/barre.png\" width=\"18\" height=\"42\" alt=\"\" class=\"wp-image-599 alignnone size-full\" \/>Grand Public, touristes\u2026<\/b><\/p>\n<p style=\"text-align: center;\"><b><\/b><\/p>\n<p>[\/et_pb_text][et_pb_text _builder_version=\u00a0\u00bb3.19.6&Prime; text_font=\u00a0\u00bb||||||||\u00a0\u00bb]<\/p>\n<p style=\"text-align: center;\">Foires<br \/>Accueil touristes \u00e9trangers<br \/>D\u00e9couverte insolite de la Belgique<br \/>Circuits th\u00e9matiques<br \/>\u2026<\/p>\n<p>[\/et_pb_text][\/et_pb_column][\/et_pb_row][\/et_pb_section][et_pb_section fb_built=\u00a0\u00bb1&Prime; _builder_version=\u00a0\u00bb3.19.6&Prime; saved_tabs=\u00a0\u00bball\u00a0\u00bb global_module=\u00a0\u00bb914&Prime; background_color=\u00a0\u00bb#dddddd\u00a0\u00bb][et_pb_row custom_padding=\u00a0\u00bb0|0px|0|0px|false|false\u00a0\u00bb _builder_version=\u00a0\u00bb3.19.6&Prime;][et_pb_column type=\u00a0\u00bb1_3&Prime; _builder_version=\u00a0\u00bb3.19.6&Prime; parallax=\u00a0\u00bboff\u00a0\u00bb parallax_method=\u00a0\u00bbon\u00a0\u00bb][et_pb_text _builder_version=\u00a0\u00bb3.19.6&Prime;]<\/p>\n<h2>Coordonn\u00e9es<\/h2>\n<p>Assensio SPRL<br \/> Cr\u00e9ation d&rsquo;\u00e9v\u00e8nements sur mesure<\/p>\n<p>Chemin de la Froide Fontaine, 2<br \/> 7060 Horrues, Belgique<br \/> <a href=\"tel:+32%20475 501 332\">+32 475 501 332<\/a><\/p>\n<p><a href=\"https:\/\/www.a2nm-hosting01.be\/assensio\/\/\">https:\/\/www.a2nm-hosting01.be\/assensio\/\/<\/a><br \/> <a href=\"mailto:info@a2nm-hosting01.be\/assensio\/\">info@a2nm-hosting01.be\/assensio\/<\/a><\/p>\n<p>[\/et_pb_text][\/et_pb_column][et_pb_column type=\u00a0\u00bb1_3&Prime; _builder_version=\u00a0\u00bb3.19.6&Prime; parallax=\u00a0\u00bboff\u00a0\u00bb parallax_method=\u00a0\u00bbon\u00a0\u00bb][et_pb_text _builder_version=\u00a0\u00bb3.19.6&Prime;]<\/p>\n<h2>Liens<\/h2>\n<p><a href=\"https:\/\/www.a2nm-hosting01.be\/assensio\/\/wp-content\/uploads\/2020\/06\/MENTIONS-LEGALES-release-11052020.docx\">Mentions l\u00e9gales<\/a><br \/><a href=\"https:\/\/www.a2nm-hosting01.be\/assensio\/\/wp-content\/uploads\/2020\/06\/POLITIQUE-DE-TRAITEMENT-ET-DE-PROTECTION-DES-DONNEES-A-CARACTERE-PERSONNEL-release-11052020.docx\">Donn\u00e9es personnelles<\/a><br \/><a href=\"https:\/\/www.a2nm-hosting01.be\/assensio\/\/wp-content\/uploads\/2020\/06\/CONDITIONS-GENERALES-DE-VENTE-release-01052015.docx\">Conditions g\u00e9n\u00e9rales de vente<\/a><\/p>\n<p>[\/et_pb_text][\/et_pb_column][et_pb_column type=\u00a0\u00bb1_3&Prime; _builder_version=\u00a0\u00bb3.19.6&Prime; parallax=\u00a0\u00bboff\u00a0\u00bb parallax_method=\u00a0\u00bbon\u00a0\u00bb][et_pb_image src=\u00a0\u00bbhttps:\/\/www.a2nm-hosting01.be\/assensio\/\/wp-content\/uploads\/2019\/04\/logo.png\u00a0\u00bb _builder_version=\u00a0\u00bb3.19.6&Prime;][\/et_pb_image][\/et_pb_column][\/et_pb_row][\/et_pb_section]<\/p>\n","protected":false},"excerpt":{"rendered":"<p>ClientsEntreprises, associations \u00e0 vocation culturelle, artistique, sociale\u2026\u00ab Event Concept\u00a0\u00bbPromotion de produits &amp; servicesValorisation de patrimoines &amp; savoir-faireMise au vertD\u00e9veloppement de l\u2019esprit d\u2019\u00e9quipe,Ev\u00e9nements marquantsCampagne de communication\u2026Particuliers, clubs, groupements\u2026 R\u00e9ceptions priv\u00e9esEscapades entre amisRetrouvailles &#8230;Grand Public, touristes\u2026 FoiresAccueil touristes \u00e9trangersD\u00e9couverte insolite de la BelgiqueCircuits th\u00e9matiques\u2026Coordonn\u00e9es Assensio SPRL Cr\u00e9ation d&rsquo;\u00e9v\u00e8nements sur mesure Chemin de la Froide Fontaine, 2 7060 [&hellip;]<\/p>\n","protected":false},"author":1,"featured_media":0,"parent":0,"menu_order":0,"comment_status":"closed","ping_status":"closed","template":"","meta":{"_et_pb_use_builder":"on","_et_pb_old_content":"<!-- wp:divi\/placeholder \/-->","_et_gb_content_width":"","footnotes":""},"class_list":["post-621","page","type-page","status-publish","hentry"],"_links":{"self":[{"href":"https:\/\/www.a2nm-hosting01.be\/assensio\/wp-json\/wp\/v2\/pages\/621","targetHints":{"allow":["GET"]}}],"collection":[{"href":"https:\/\/www.a2nm-hosting01.be\/assensio\/wp-json\/wp\/v2\/pages"}],"about":[{"href":"https:\/\/www.a2nm-hosting01.be\/assensio\/wp-json\/wp\/v2\/types\/page"}],"author":[{"embeddable":true,"href":"https:\/\/www.a2nm-hosting01.be\/assensio\/wp-json\/wp\/v2\/users\/1"}],"replies":[{"embeddable":true,"href":"https:\/\/www.a2nm-hosting01.be\/assensio\/wp-json\/wp\/v2\/comments?post=621"}],"version-history":[{"count":12,"href":"https:\/\/www.a2nm-hosting01.be\/assensio\/wp-json\/wp\/v2\/pages\/621\/revisions"}],"predecessor-version":[{"id":930,"href":"https:\/\/www.a2nm-hosting01.be\/assensio\/wp-json\/wp\/v2\/pages\/621\/revisions\/930"}],"wp:attachment":[{"href":"https:\/\/www.a2nm-hosting01.be\/assensio\/wp-json\/wp\/v2\/media?parent=621"}],"curies":[{"name":"wp","href":"https:\/\/api.w.org\/{rel}","templated":true}]}}